{"id":17,"date":"2021-10-24T18:10:48","date_gmt":"2021-10-24T16:10:48","guid":{"rendered":"https:\/\/www.osservatoriopaesaggio.eu\/?page_id=17"},"modified":"2022-12-24T13:41:04","modified_gmt":"2022-12-24T12:41:04","slug":"chi-siamo","status":"publish","type":"page","link":"https:\/\/www.osservatoriopaesaggio.eu\/en\/chi-siamo\/","title":{"rendered":"About Us"},"content":{"rendered":"<p>La proposta di istituire un Osservatorio Europeo del Paesaggio nasce in occasione dell'incontro di Arco Latino sugli spazi naturali a Barcellona l'11 luglio 2005. In&nbsp;quella&nbsp;occasione la Provincia di Salerno ha formalizzato una proposta operativa per l'istituzione dell'Osservatorio presso la Certosa di San Lorenzo in Padula (SA), per l'attuazione dei&nbsp;principi&nbsp;della Convenzione Europea del Paesaggio (CEP) ed in particolare di quanto previsto all'art.6 della CEP, relativo alle azioni di sensibilizzazione, formazione ed informazione&nbsp;promuovendo il&nbsp;Master Europeo del Paesaggio, nell'ambito delle attivit\u00e0 della Commissione Spazi Naturali di Arco Latino;La proficua azione della Commissione Spazi Naturali di Arco&nbsp;Latino definita nella&nbsp;prospettiva europea di sviluppo sostenibile del territorio, \u00e8 stata rafforzata nell' incontro di Barcellona del 27 ottobre 2006, con l'auspicio di un consolidamento&nbsp;delle iniziative in un&nbsp;apposito Accordo di Collaborazione (AdC) che sostenga l'azione proposta. In questa prospettiva si \u00e8 definito e concordato un Accordo di Collaborazione&nbsp;sottoscritto a Vietri sul Mare il 16&nbsp;febbraio 2007 per l'attuazione e l'organizzazione dell'iniziativa che aspira ad una sinergia e cooperazione europea attraverso l'azione di un&nbsp;partenariato ampio e qualificato.L'Osservatorio&nbsp;ubicato nella splendida Certosa di San Lorenzo in Padula, svolge un'azione di raccordo e valutazione di buone pratiche europee con il&nbsp;contributo di competenze e professionalit\u00e0 dei&nbsp;sottoscrittori dell'Accordo aperto ad altre istituzioni del settore della sensibilizzazione, formazione ed informazione attraverso il Master&nbsp;Europeo del Paesaggio e la Summer School del&nbsp;Master con esperti, docenti e studenti europei che intendono sviluppare nei paesi aderenti iniziative di scambio e promozione della&nbsp;cultura del Paesaggio nel rispetto dei principi della CEP.&nbsp;L'OEP di Arco latino \u00e8 riconosciuto dal Consiglio d'Europa ed ha partecipato alla Conferenza Internazionale per l'attuazione&nbsp;della CEP. L'OEP partecipa a numerosi progetti territoriali&nbsp;nazionali ed europei ed ha promosso il Primo Premio Nazionale sui Percorsi di Partecipazione alle politiche del paesaggio e&nbsp;della biodiversit\u00e0 promuovendo nell'ambito di Ag.21 locale il&nbsp;GdL Partecipazione Paesaggio e Biodiversit\u00e0. Gli attuali partner dell'OEP sono: Diputaci\u00f3 de Barcelona \u2013SP-;Conseil&nbsp;G\u00e9n\u00e9ral de L'H\u00e9rault \u2013FR;Ecole Nationale Sup\u00e9rieure d'Architecture&nbsp;de Lyon \u2013FR-Ecole Nationale Sup\u00e9rieure d'Architecture Strasburg \u2013FR- Centro Interdipartimentale Scienze&nbsp;Ambientali Univ. Salerno \u2013IT-Provincia di Alessandria \u2013IT-Provincia di Matera \u2013IT-Provincia di Viterbo \u2013IT-Provincia di Torino \u2013 ITFEDERPARCHI \u2013IT-ASSOCIAZIONE NAZIONALE&nbsp;COMUNI DEI PARCHI\u2013IT-LEGAMBIENTE \u2013ITCoordinamento Nazionale delle Agende 21&nbsp;locali\u2013IT-IPOGEA \u2013IT-HISPA \u2013IT-<\/p>\n\n\n\n<p><\/p>\n\n\n\n<p><\/p>\n\n\n\n<p><\/p>","protected":false},"excerpt":{"rendered":"<p>La proposta di istituire un Osservatorio Europeo del Paesaggio nasce in occasione dell'incontro di Arco Latino sugli spazi naturali a Barcellona l'11 luglio 2005. In&nbsp;quella&nbsp;occasione la Provincia di Salerno ha formalizzato una proposta operativa per l'istituzione dell'Osservatorio presso la Certosa di San Lorenzo in Padula (SA), per l'attuazione dei&nbsp;principi&nbsp;della Convenzione Europea del Paesaggio (CEP) ed [&hellip;]<\/p>","protected":false},"author":2,"featured_media":410,"parent":0,"menu_order":0,"comment_status":"closed","ping_status":"closed","template":"","meta":{"inline_featured_image":false,"footnotes":""},"class_list":["post-17","page","type-page","status-publish","format-standard","has-post-thumbnail","hentry"],"meta_box":{"id_di_fluent_form":"","seleziona_logo":"Standard","mostra_banner":"","articoli_da_mostrare":"","banner_principale":"","Home_Banner_A":[],"Home_banner_B":[],"link_banner_A":"","link_Banner_B":"","text_abrasfberel":"","text_h82ds2oucyl":"","titolo_Banner_A":"","titolo_titolo_Banner_B":"","banner_finale":"","titolo_header":"sensibilizzazione, formazione ed informazione","titolo_pagina":"Chi Siamo","Sottotitolo":"cultura del Paesaggio","colore_sfondo":"#e7e6f4","sfondo_header":[{"width":150,"height":150,"file":"2022\/06\/Osservatoriopaesaggio-slide-002.jpg","filesize":57902,"sizes":{"medium":{"file":"Osservatoriopaesaggio-slide-002-300x200.jpg","width":300,"height":200,"mime-type":"image\/jpeg","filesize":4990,"url":"https:\/\/www.osservatoriopaesaggio.eu\/wp-content\/uploads\/2022\/06\/Osservatoriopaesaggio-slide-002-300x200.jpg"},"large":{"file":"Osservatoriopaesaggio-slide-002-1024x682.jpg","width":1024,"height":682,"mime-type":"image\/jpeg","filesize":23943,"url":"https:\/\/www.osservatoriopaesaggio.eu\/wp-content\/uploads\/2022\/06\/Osservatoriopaesaggio-slide-002-1024x682.jpg"},"thumbnail":{"file":"Osservatoriopaesaggio-slide-002-150x150.jpg","width":150,"height":150,"mime-type":"image\/jpeg","filesize":2887,"url":"https:\/\/www.osservatoriopaesaggio.eu\/wp-content\/uploads\/2022\/06\/Osservatoriopaesaggio-slide-002-150x150.jpg"},"medium_large":{"file":"Osservatoriopaesaggio-slide-002-768x511.jpg","width":768,"height":511,"mime-type":"image\/jpeg","filesize":15619,"url":"https:\/\/www.osservatoriopaesaggio.eu\/wp-content\/uploads\/2022\/06\/Osservatoriopaesaggio-slide-002-768x511.jpg"},"1536x1536":{"file":"Osservatoriopaesaggio-slide-002-1536x1023.jpg","width":1536,"height":1023,"mime-type":"image\/jpeg","filesize":43096,"url":"https:\/\/www.osservatoriopaesaggio.eu\/wp-content\/uploads\/2022\/06\/Osservatoriopaesaggio-slide-002-1536x1023.jpg"},"trp-custom-language-flag":{"file":"Osservatoriopaesaggio-slide-002-18x12.jpg","width":18,"height":12,"mime-type":"image\/jpeg","filesize":795,"url":"https:\/\/www.osservatoriopaesaggio.eu\/wp-content\/uploads\/2022\/06\/Osservatoriopaesaggio-slide-002-18x12.jpg"}},"image_meta":{"aperture":"0","credit":"","camera":"","caption":"","created_timestamp":"0","copyright":"","focal_length":"0","iso":"0","shutter_speed":"0","title":"","orientation":"0","keywords":[]},"ID":"406","name":"Osservatoriopaesaggio-slide-002.jpg","path":"\/home\/osservatoriopaesaggio\/webapps\/osservatoriopaesaggio-eu\/wp-content\/uploads\/2022\/06\/Osservatoriopaesaggio-slide-002.jpg","url":"https:\/\/www.osservatoriopaesaggio.eu\/wp-content\/uploads\/2022\/06\/Osservatoriopaesaggio-slide-002-150x150.jpg","full_url":"https:\/\/www.osservatoriopaesaggio.eu\/wp-content\/uploads\/2022\/06\/Osservatoriopaesaggio-slide-002.jpg","title":"Osservatoriopaesaggio slide 002","caption":"","description":"","alt":"","srcset":false}],"image_advanced_6dftczwmfnh":[{"width":150,"height":150,"file":"2022\/06\/Osservatorio-Paesaggio-Fondo-010.jpg","filesize":307539,"sizes":{"medium":{"file":"Osservatorio-Paesaggio-Fondo-010-300x120.jpg","width":300,"height":120,"mime-type":"image\/jpeg","filesize":13355,"url":"https:\/\/www.osservatoriopaesaggio.eu\/wp-content\/uploads\/2022\/06\/Osservatorio-Paesaggio-Fondo-010-300x120.jpg"},"large":{"file":"Osservatorio-Paesaggio-Fondo-010-1024x410.jpg","width":1024,"height":410,"mime-type":"image\/jpeg","filesize":148549,"url":"https:\/\/www.osservatoriopaesaggio.eu\/wp-content\/uploads\/2022\/06\/Osservatorio-Paesaggio-Fondo-010-1024x410.jpg"},"thumbnail":{"file":"Osservatorio-Paesaggio-Fondo-010-150x150.jpg","width":150,"height":150,"mime-type":"image\/jpeg","filesize":8585,"url":"https:\/\/www.osservatoriopaesaggio.eu\/wp-content\/uploads\/2022\/06\/Osservatorio-Paesaggio-Fondo-010-150x150.jpg"},"medium_large":{"file":"Osservatorio-Paesaggio-Fondo-010-768x307.jpg","width":768,"height":307,"mime-type":"image\/jpeg","filesize":86335,"url":"https:\/\/www.osservatoriopaesaggio.eu\/wp-content\/uploads\/2022\/06\/Osservatorio-Paesaggio-Fondo-010-768x307.jpg"},"1536x1536":{"file":"Osservatorio-Paesaggio-Fondo-010-1536x614.jpg","width":1536,"height":614,"mime-type":"image\/jpeg","filesize":296608,"url":"https:\/\/www.osservatoriopaesaggio.eu\/wp-content\/uploads\/2022\/06\/Osservatorio-Paesaggio-Fondo-010-1536x614.jpg"},"trp-custom-language-flag":{"file":"Osservatorio-Paesaggio-Fondo-010-18x7.jpg","width":18,"height":7,"mime-type":"image\/jpeg","filesize":782,"url":"https:\/\/www.osservatoriopaesaggio.eu\/wp-content\/uploads\/2022\/06\/Osservatorio-Paesaggio-Fondo-010-18x7.jpg"}},"image_meta":{"aperture":"0","credit":"","camera":"","caption":"","created_timestamp":"0","copyright":"","focal_length":"0","iso":"0","shutter_speed":"0","title":"","orientation":"0","keywords":[]},"ID":"392","name":"Osservatorio-Paesaggio-Fondo-010.jpg","path":"\/home\/osservatoriopaesaggio\/webapps\/osservatoriopaesaggio-eu\/wp-content\/uploads\/2022\/06\/Osservatorio-Paesaggio-Fondo-010.jpg","url":"https:\/\/www.osservatoriopaesaggio.eu\/wp-content\/uploads\/2022\/06\/Osservatorio-Paesaggio-Fondo-010-150x150.jpg","full_url":"https:\/\/www.osservatoriopaesaggio.eu\/wp-content\/uploads\/2022\/06\/Osservatorio-Paesaggio-Fondo-010.jpg","title":"Osservatorio-Paesaggio-Fondo-010","caption":"","description":"","alt":"","srcset":false},{"width":150,"height":150,"file":"2022\/06\/Osservatorio-Paesaggio-Fondo-009.jpg","filesize":244477,"sizes":{"medium":{"file":"Osservatorio-Paesaggio-Fondo-009-300x120.jpg","width":300,"height":120,"mime-type":"image\/jpeg","filesize":11635,"url":"https:\/\/www.osservatoriopaesaggio.eu\/wp-content\/uploads\/2022\/06\/Osservatorio-Paesaggio-Fondo-009-300x120.jpg"},"large":{"file":"Osservatorio-Paesaggio-Fondo-009-1024x410.jpg","width":1024,"height":410,"mime-type":"image\/jpeg","filesize":120318,"url":"https:\/\/www.osservatoriopaesaggio.eu\/wp-content\/uploads\/2022\/06\/Osservatorio-Paesaggio-Fondo-009-1024x410.jpg"},"thumbnail":{"file":"Osservatorio-Paesaggio-Fondo-009-150x150.jpg","width":150,"height":150,"mime-type":"image\/jpeg","filesize":8140,"url":"https:\/\/www.osservatoriopaesaggio.eu\/wp-content\/uploads\/2022\/06\/Osservatorio-Paesaggio-Fondo-009-150x150.jpg"},"medium_large":{"file":"Osservatorio-Paesaggio-Fondo-009-768x307.jpg","width":768,"height":307,"mime-type":"image\/jpeg","filesize":69874,"url":"https:\/\/www.osservatoriopaesaggio.eu\/wp-content\/uploads\/2022\/06\/Osservatorio-Paesaggio-Fondo-009-768x307.jpg"},"1536x1536":{"file":"Osservatorio-Paesaggio-Fondo-009-1536x614.jpg","width":1536,"height":614,"mime-type":"image\/jpeg","filesize":241800,"url":"https:\/\/www.osservatoriopaesaggio.eu\/wp-content\/uploads\/2022\/06\/Osservatorio-Paesaggio-Fondo-009-1536x614.jpg"},"trp-custom-language-flag":{"file":"Osservatorio-Paesaggio-Fondo-009-18x7.jpg","width":18,"height":7,"mime-type":"image\/jpeg","filesize":765,"url":"https:\/\/www.osservatoriopaesaggio.eu\/wp-content\/uploads\/2022\/06\/Osservatorio-Paesaggio-Fondo-009-18x7.jpg"}},"image_meta":{"aperture":"0","credit":"","camera":"","caption":"","created_timestamp":"0","copyright":"","focal_length":"0","iso":"0","shutter_speed":"0","title":"","orientation":"0","keywords":[]},"ID":"391","name":"Osservatorio-Paesaggio-Fondo-009.jpg","path":"\/home\/osservatoriopaesaggio\/webapps\/osservatoriopaesaggio-eu\/wp-content\/uploads\/2022\/06\/Osservatorio-Paesaggio-Fondo-009.jpg","url":"https:\/\/www.osservatoriopaesaggio.eu\/wp-content\/uploads\/2022\/06\/Osservatorio-Paesaggio-Fondo-009-150x150.jpg","full_url":"https:\/\/www.osservatoriopaesaggio.eu\/wp-content\/uploads\/2022\/06\/Osservatorio-Paesaggio-Fondo-009.jpg","title":"Osservatorio-Paesaggio-Fondo-009","caption":"","description":"","alt":"","srcset":false},{"width":150,"height":150,"file":"2022\/06\/Osservatorio-Paesaggio-Fondo-008.jpg","filesize":296613,"sizes":{"medium":{"file":"Osservatorio-Paesaggio-Fondo-008-300x120.jpg","width":300,"height":120,"mime-type":"image\/jpeg","filesize":12294,"url":"https:\/\/www.osservatoriopaesaggio.eu\/wp-content\/uploads\/2022\/06\/Osservatorio-Paesaggio-Fondo-008-300x120.jpg"},"large":{"file":"Osservatorio-Paesaggio-Fondo-008-1024x410.jpg","width":1024,"height":410,"mime-type":"image\/jpeg","filesize":130406,"url":"https:\/\/www.osservatoriopaesaggio.eu\/wp-content\/uploads\/2022\/06\/Osservatorio-Paesaggio-Fondo-008-1024x410.jpg"},"thumbnail":{"file":"Osservatorio-Paesaggio-Fondo-008-150x150.jpg","width":150,"height":150,"mime-type":"image\/jpeg","filesize":8803,"url":"https:\/\/www.osservatoriopaesaggio.eu\/wp-content\/uploads\/2022\/06\/Osservatorio-Paesaggio-Fondo-008-150x150.jpg"},"medium_large":{"file":"Osservatorio-Paesaggio-Fondo-008-768x307.jpg","width":768,"height":307,"mime-type":"image\/jpeg","filesize":74820,"url":"https:\/\/www.osservatoriopaesaggio.eu\/wp-content\/uploads\/2022\/06\/Osservatorio-Paesaggio-Fondo-008-768x307.jpg"},"1536x1536":{"file":"Osservatorio-Paesaggio-Fondo-008-1536x614.jpg","width":1536,"height":614,"mime-type":"image\/jpeg","filesize":271963,"url":"https:\/\/www.osservatoriopaesaggio.eu\/wp-content\/uploads\/2022\/06\/Osservatorio-Paesaggio-Fondo-008-1536x614.jpg"},"trp-custom-language-flag":{"file":"Osservatorio-Paesaggio-Fondo-008-18x7.jpg","width":18,"height":7,"mime-type":"image\/jpeg","filesize":776,"url":"https:\/\/www.osservatoriopaesaggio.eu\/wp-content\/uploads\/2022\/06\/Osservatorio-Paesaggio-Fondo-008-18x7.jpg"}},"image_meta":{"aperture":"0","credit":"","camera":"","caption":"","created_timestamp":"0","copyright":"","focal_length":"0","iso":"0","shutter_speed":"0","title":"","orientation":"0","keywords":[]},"ID":"390","name":"Osservatorio-Paesaggio-Fondo-008.jpg","path":"\/home\/osservatoriopaesaggio\/webapps\/osservatoriopaesaggio-eu\/wp-content\/uploads\/2022\/06\/Osservatorio-Paesaggio-Fondo-008.jpg","url":"https:\/\/www.osservatoriopaesaggio.eu\/wp-content\/uploads\/2022\/06\/Osservatorio-Paesaggio-Fondo-008-150x150.jpg","full_url":"https:\/\/www.osservatoriopaesaggio.eu\/wp-content\/uploads\/2022\/06\/Osservatorio-Paesaggio-Fondo-008.jpg","title":"Osservatorio-Paesaggio-Fondo-008","caption":"","description":"","alt":"","srcset":false},{"width":150,"height":150,"file":"2022\/06\/Osservatorio-Paesaggio-Piana-del-Sele_fiume-sele.jpg","filesize":346282,"sizes":{"medium":{"file":"Osservatorio-Paesaggio-Piana-del-Sele_fiume-sele-300x200.jpg","width":300,"height":200,"mime-type":"image\/jpeg","filesize":11101,"url":"https:\/\/www.osservatoriopaesaggio.eu\/wp-content\/uploads\/2022\/06\/Osservatorio-Paesaggio-Piana-del-Sele_fiume-sele-300x200.jpg"},"large":{"file":"Osservatorio-Paesaggio-Piana-del-Sele_fiume-sele-1024x682.jpg","width":1024,"height":682,"mime-type":"image\/jpeg","filesize":112178,"url":"https:\/\/www.osservatoriopaesaggio.eu\/wp-content\/uploads\/2022\/06\/Osservatorio-Paesaggio-Piana-del-Sele_fiume-sele-1024x682.jpg"},"thumbnail":{"file":"Osservatorio-Paesaggio-Piana-del-Sele_fiume-sele-150x150.jpg","width":150,"height":150,"mime-type":"image\/jpeg","filesize":4808,"url":"https:\/\/www.osservatoriopaesaggio.eu\/wp-content\/uploads\/2022\/06\/Osservatorio-Paesaggio-Piana-del-Sele_fiume-sele-150x150.jpg"},"medium_large":{"file":"Osservatorio-Paesaggio-Piana-del-Sele_fiume-sele-768x512.jpg","width":768,"height":512,"mime-type":"image\/jpeg","filesize":63375,"url":"https:\/\/www.osservatoriopaesaggio.eu\/wp-content\/uploads\/2022\/06\/Osservatorio-Paesaggio-Piana-del-Sele_fiume-sele-768x512.jpg"},"1536x1536":{"file":"Osservatorio-Paesaggio-Piana-del-Sele_fiume-sele-1536x1024.jpg","width":1536,"height":1024,"mime-type":"image\/jpeg","filesize":237475,"url":"https:\/\/www.osservatoriopaesaggio.eu\/wp-content\/uploads\/2022\/06\/Osservatorio-Paesaggio-Piana-del-Sele_fiume-sele-1536x1024.jpg"},"trp-custom-language-flag":{"file":"Osservatorio-Paesaggio-Piana-del-Sele_fiume-sele-18x12.jpg","width":18,"height":12,"mime-type":"image\/jpeg","filesize":802,"url":"https:\/\/www.osservatoriopaesaggio.eu\/wp-content\/uploads\/2022\/06\/Osservatorio-Paesaggio-Piana-del-Sele_fiume-sele-18x12.jpg"}},"image_meta":{"aperture":"7.7","credit":"","camera":"FinePixS1Pro","caption":"","created_timestamp":"1123251321","copyright":"","focal_length":"84","iso":"320","shutter_speed":"0.002","title":"","orientation":"0","keywords":[]},"ID":"403","name":"Osservatorio-Paesaggio-Piana-del-Sele_fiume-sele.jpg","path":"\/home\/osservatoriopaesaggio\/webapps\/osservatoriopaesaggio-eu\/wp-content\/uploads\/2022\/06\/Osservatorio-Paesaggio-Piana-del-Sele_fiume-sele.jpg","url":"https:\/\/www.osservatoriopaesaggio.eu\/wp-content\/uploads\/2022\/06\/Osservatorio-Paesaggio-Piana-del-Sele_fiume-sele-150x150.jpg","full_url":"https:\/\/www.osservatoriopaesaggio.eu\/wp-content\/uploads\/2022\/06\/Osservatorio-Paesaggio-Piana-del-Sele_fiume-sele.jpg","title":"Osservatorio Paesaggio Piana del Sele_fiume sele","caption":"","description":"","alt":"","srcset":false}]},"_links":{"self":[{"href":"https:\/\/www.osservatoriopaesaggio.eu\/en\/wp-json\/wp\/v2\/pages\/17","targetHints":{"allow":["GET"]}}],"collection":[{"href":"https:\/\/www.osservatoriopaesaggio.eu\/en\/wp-json\/wp\/v2\/pages"}],"about":[{"href":"https:\/\/www.osservatoriopaesaggio.eu\/en\/wp-json\/wp\/v2\/types\/page"}],"author":[{"embeddable":true,"href":"https:\/\/www.osservatoriopaesaggio.eu\/en\/wp-json\/wp\/v2\/users\/2"}],"replies":[{"embeddable":true,"href":"https:\/\/www.osservatoriopaesaggio.eu\/en\/wp-json\/wp\/v2\/comments?post=17"}],"version-history":[{"count":16,"href":"https:\/\/www.osservatoriopaesaggio.eu\/en\/wp-json\/wp\/v2\/pages\/17\/revisions"}],"predecessor-version":[{"id":444,"href":"https:\/\/www.osservatoriopaesaggio.eu\/en\/wp-json\/wp\/v2\/pages\/17\/revisions\/444"}],"wp:featuredmedia":[{"embeddable":true,"href":"https:\/\/www.osservatoriopaesaggio.eu\/en\/wp-json\/wp\/v2\/media\/410"}],"wp:attachment":[{"href":"https:\/\/www.osservatoriopaesaggio.eu\/en\/wp-json\/wp\/v2\/media?parent=17"}],"curies":[{"name":"wp","href":"https:\/\/api.w.org\/{rel}","templated":true}]}}