{"id":419,"date":"2022-06-12T17:34:44","date_gmt":"2022-06-12T15:34:44","guid":{"rendered":"https:\/\/www.osservatoriopaesaggio.eu\/?page_id=419"},"modified":"2022-12-24T16:53:55","modified_gmt":"2022-12-24T15:53:55","slug":"mission","status":"publish","type":"page","link":"https:\/\/www.osservatoriopaesaggio.eu\/en\/mission\/","title":{"rendered":"Mission"},"content":{"rendered":"<p>l progetto dell\u2019Osservatorio Europeo del Paesaggio (OEP) di Arco Latino, fa parte di un pi\u00f9 ampio programma di azioni realizzate ed in fase di attuazione, in cooperazione con i partner di Arco Latino aderenti all\u2019OEP, su diversi finanziamenti nazionali e comunitari che lo stesso OEP ha promosso, elaborato e gestito.<\/p>\n\n\n\n<p>Le finalit\u00e0 operative sono fortemente orientate alle di <strong><u>SENSIBILIZZAZIONE - FORMAZIONE \u2013 INFORMAZIONE<\/u><\/strong>, ai sensi <strong><u>dell\u2019art. 6 della Convenzione Europea del Paesaggio (CEP).<\/u><\/strong><\/p>\n\n\n\n<h3 class=\"wp-block-heading\">Nella fase costituente l\u2019OEP, ha dato ampio risalto ed approfondimento al citato art. 6 della CEP, relativo alle \u201cMisure specifiche\u201d per l\u2019attuazione della CEP ed in particolare:<\/h3>\n\n\n\n<ol class=\"wp-block-list\" type=\"A\">\n<li>Sensibilizzazione<br>Accrescere la sensibilizzazione della societ\u00e0 civile, delle organizzazioni private e delle autorit\u00e0 pubbliche al valore dei paesaggi, al loro ruolo e alla loro trasformazione.<\/li>\n\n\n\n<li>Formazione ed educazione<\/li>\n<\/ol>\n\n\n\n<ol class=\"wp-block-list\" type=\"a\">\n<li>la formazione di specialisti nel settore della conoscenza e dell'intervento sui paesaggi;<\/li>\n<\/ol>\n\n\n\n<ul class=\"wp-block-list\">\n<li>dei programmi pluridisciplinari di formazione sulla politica, la salvaguardia, la gestione e la pianificazione del paesaggio destinati ai professionisti del settore pubblico e privato e alle associazioni di categoria interessate;<\/li>\n<\/ul>\n\n\n\n<ul class=\"wp-block-list\">\n<li>degli insegnamenti scolastici e universitari che trattino, nell'ambito delle rispettive discipline, dei valori connessi con il paesaggio e delle questioni riguardanti la sua salvaguardia, la sua gestione e la sua pianificazione.<\/li>\n<\/ul>\n\n\n\n<p>Tale scelta \u00e8 stata assunta nella convinzione che la \u201csensibilizzazione \u2013 formazione -informazione\u201d di una classe dirigente \u201ceducata\u201d al rispetto e alla salvaguardia e tutela del paesaggio, possa rappresentare lo strumento pi\u00f9 efficace per l\u2019attuazione dei principi della CEP, ma soprattutto per <strong>la individuazione, elaborazione e valutazione di metodologie e strumenti di \u201cpartecipazione\u201d, allo sviluppo di una nuova cultura di governo del territorio.<\/strong><\/p>\n\n\n\n<p><strong>La sua MISSIONE \u00e8 stata successivamente orientata alle Raccomandazioni CM \/ Rec (2008) 3 del Comitato dei Ministri degli Stati membri del Consiglio d\u2019Europa, sugli orientamenti per l'attuazione della Convenzione Europea del Paesaggio.<\/strong><\/p>\n\n\n\n<p><\/p>\n\n\n\n<p><strong>SENSIBILIZZAZIONE<\/strong><\/p>\n\n\n\n<p>Le attivit\u00e0 di sensibilizzazione nell\u2019accezione indicata dall\u2019art. 6 della CEP attengono alle attivit\u00e0 finalizzate ad accrescere la sensibilizzazione della societ\u00e0 civile, delle organizzazioni private e delle autorit\u00e0 pubbliche al valore dei paesaggi, al loro ruolo e alla loro trasformazione.<\/p>\n\n\n\n<p>L\u2019attivit\u00e0 svolta specificamente come sopra indicato hanno riguardato:<\/p>\n\n\n\n<p>1. Il Convegno \u201c<em>Verso la II Conferenza sull\u2019applicazione della Convenzione Europea del Paesaggio<\/em>\u201d tenuto il 29 settembre 2002, presso la Certosa di San Lorenzo in Padula (SA) IT, sotto il patrocinio del Consiglio d\u2019Europa<a><\/a><a href=\"#sdfootnote1sym\"><sup>1<\/sup><\/a> ;<\/p>\n\n\n\n<p>2. Il Workshop Internazionale \u201c<em>L\u2019applicazione dell\u2019articolo 6 della Convenzione Europea del Paesaggio nel quadro delle politiche paesaggistiche<\/em>\u201d tenuto dal 27 giugno al 2 luglio 2005, presso la Certosa di San Lorenzo in Padula;<\/p>\n\n\n\n<p>3. Il \u201c<em>Premio Nazionale per percorsi di partecipazione alle politiche per il paesaggio e la biodiversit\u00e0\u201d<\/em> in collaborazione con il Coordinamento Nazionale delle Agende 21 Locali e Federparchi;<\/p>\n\n\n\n<p>4. Le sessioni \u201c<em>DIALOGHI PER IL PAESAGGIO<\/em>\u201d all\u2019interno delle Summer School per il Paesaggio 2006, 2007, 2008, 2012,2013, 2014,2015.<\/p>\n\n\n\n<p>La prima azione viene svolta in stretta cooperazione con il Parco Nazionale del Cilento e Vallo di Diano e con l\u2019Alto patrocinio del Consiglio d\u2019Europa come puntualmente riportato nella <strong>Risoluzione 178 (2004)<sup>1<\/sup><\/strong>relativa al contributo dei poteri locali e regionali per l\u2019applicazione della Convenzione europea del paesaggio:<\/p>\n\n\n\n<p>\u201c <em>7. <\/em>Ricordando il patrocinio<em> accordato dal Congresso, nel febbraio 2002, all\u2019Osservatorio europeo sull\u2019applicazione della Convenzione europea del paesaggio nelle zone protette, costituito dal Parco nazionale del Cilento e Vallo di Diano (Italia)<\/em><\/p>\n\n\n\n<p><em>8. Convinto:<\/em><\/p>\n\n\n\n<p><em>a. che l\u2019iniziativa dell\u2019Osservatorio dovrebbe essere estesa all\u2019insieme del territorio degli stati membri che hanno firmato la Convenzione europea del paesaggio;<\/em><\/p>\n\n\n\n<p><em>b. a tal riguardo, che dovrebbe essere sostenuta la creazione di una rete europea costituita da enti locali e regionali desiderosi di facilitare la conoscenza e l\u2019applicazione della Convenzione europea del paesaggio;<\/em><\/p>\n\n\n\n<p><em>9. Sottolineando che tale rete dovrebbe:<\/em><\/p>\n\n\n\n<p><em>a. costituire una struttura di coordinamento, di assistenza e di sostegno messa a disposizione delle regioni e dei poteri locali per aiutarli ad assolvere le loro responsabilit\u00e0 istituzionali nel settore del paesaggio, conformemente ai principi enunciati nella Convenzione;<\/em><\/p>\n\n\n\n<p><em>b. contribuire al miglioramento delle capacit\u00e0 tecniche e scientifiche delle regioni e dei poteri locali nel quadro delle loro rispettive responsabilit\u00e0, in collaborazione con le autorit\u00e0 statali, particolarmente a livello della pianificazione e del processo per l\u2019ottenimento di permessi e autorizzazioni; c. condurre, in particolare, delle attivit\u00e0 nell\u2019ambito dell\u2019elaborazione dei documenti riguardanti l\u2019individuazione e la valutazione dei paesaggi, la definizione degli obiettivi di qualit\u00e0 paesaggistica e gli interventi in materia di tutela, gestione e pianificazione del paesaggio;<\/em><\/p>\n\n\n\n<p><em>d. rappresentare un forum di dialogo e di coordinamento delle loro politiche in materia di paesaggio per gli enti locali e regionali partecipanti;<\/em><\/p>\n\n\n\n<p><em>e. realizzare attivit\u00e0 che vadano a completare il lavoro dei comitati di esperti incaricati del controllo dell\u2019applicazione della Convenzione nell\u2019ambito del Consiglio d\u2019Europa;<\/em><\/p>\n\n\n\n<p><em>10. Invita gli enti locali e regionali dei paesi membri a promuovere una rete europea sull\u2019applicazione della Convenzione europea del paesaggio, in base alle proposte descritte pi\u00f9 sopra\u201d.<\/em><\/p>\n\n\n\n<p>La risoluzione del Consiglio d\u2019Europa ha legittimato l\u2019Osservatorio a livello europeo per l\u2019incontro del settembre 2002 con la massima diffusione e partecipazione pubblica ma soprattutto di diffondere e divulgare una consapevolezza nella classe politica e delle autorit\u00e0 locali che hanno dato vita al finanziamento operativo della provincia di Salerno e la Regione Campania per le azioni di rispettiva competenza istituzionale<strong>.<\/strong><\/p>\n\n\n\n<p>Negli ultimi anni, l\u2019Osservatorio ha promosso e partecipato attivamente con il coinvolgimento delle scuole superiori del territorio della provincia di Salerno alle attivit\u00e0 di diversi progetti europei :<\/p>\n\n\n\n<p><strong>CBC ENPI MED 2007\/13 \u201cLocal Agenda 21 in Territorial Planning in Energy and Waste Management\u201d ENPI -CBCMED Ref. <\/strong><strong>Number: I-B\/1.3\/350.<\/strong><\/p>\n\n\n\n<p>Agenda 21 (Ag21) is an action plan of the United Nations (UN) related to sustainable<br>development resulting from the Conference on Environment and Development held in Rio de<br>Janeiro in 1992. It is a comprehensive plan of action to be taken globally, nationally, and<br>locally by organisations of the UN, governments, and major groups in every area in which<br>humans directly affect the environment.<\/p>\n\n\n\n<p>In the framework of the Euro-Mediterranean partnership, LOCAL AGENDA 21 project<br>addresses two major challenges related to Ag21 in the energy and waste management<br>domain: translate Ag21 principles into action through a participatory approach and support<br>the transition of Ag21 from national to local agendas with the aim of fully integrating Ag21<br>principles in territorial planning strategies.<br>Beneficiary<br>Province of Viterbo (Italy, Lazio)<br>Partnership<br>1. <strong>European Observatory on Landscape (Italy, Campania)<br><\/strong>2. Province of Turin (Italy, Piedmont)<br>3. Province of Majorca (Spain, Islas Baleares)<br>4. National Center for Research and Development (Jordan, Al- Trafila)<br>5. Jordan Environment Society (Jordan, Al-Aqaba)<br>6. UNDP Lebanon<br>Specific objectives<br>\u2022 To share experiences between the local authorities involved in the partnership in order to<br>facilitate territorial planning and monitoring in the energy and waste management sector<br>\u2022 To support the design and implementation of local action plans on sustainable energy and<br>waste management.<\/p>\n\n\n\n<p><\/p>\n\n\n\n<p><strong>L'ENPI CBC MED Project Implementation <\/strong>(<strong>PIM<\/strong>) rivolto ai Beneficiari e ai partner dei progetti finanziati con lo scopo di offrire informazioni ed esempi per la corretta applicazione del Grant Contract e garantire una gestione regolare ed efficace dei progetti europei quale:<\/p>\n\n\n\n<p>\u2022 Uno strumento per facilitare l'avvio, la gestione e il monitoraggio dei progetti ENPI CBC MED, basato sull'approccio del Project Cycle Management;<\/p>\n\n\n\n<p>\u2022 Un percorso preferenziale di facile accesso alle regole della Guida pratica alle procedure di appalto per le azioni esterne dell'UE (PraG), che si applicano alla gestione amministrativa dei progetti;<\/p>\n\n\n\n<p>\u2022 Una raccolta di esempi e strumenti di facile utilizzo per affrontare i problemi gestionali e amministrativi durante l'attuazione del progetto.<\/p>\n\n\n\n<p>I principali temi affrontati dal PIM sono:<\/p>\n\n\n\n<p>\u2022 Comprensione delle regole contrattuali per il corretto avvio dei progetti;<\/p>\n\n\n\n<p>\u2022 Pianificazione e monitoraggio delle attivit\u00e0 per l'implementazione di un sistema di gestione e controllo;<\/p>\n\n\n\n<p>\u2022 Azioni che assicurino un'adeguata comunicazione interna ed esterna;<\/p>\n\n\n\n<p>\u2022 Costi ammissibili e norme sugli appalti;<\/p>\n\n\n\n<p>\u2022 Le attivit\u00e0 di rendicontazione e quelle relative alla verifica delle spese di progetto.<\/p>\n\n\n\n<p><a href=\"http:\/\/www.enpicbcmed.eu\/projects\/project-management\"><strong>http:\/\/www.enpicbcmed.eu\/projects\/project-management<\/strong><\/a><\/p>\n\n\n\n<p><strong>ERASMUS PLUS <em>Knowledge Systems Agro-Ecology<\/em> - Formare i formatori<\/strong>, 2013\/20 ITALIA OEP - FRANCIA (Centre d\u2019Enseignement Zootechnique) - LITUANIA (\"Leader\") - SLOVENIA (Univerza Mariboru) AUSTRIA (University of Natural Resources and Life Sciences, Vienna);<\/p>\n\n\n\n<h1 class=\"wp-block-heading\">In questo ambito il progetto ERASMUS + per promuovere iniziative di comunicazione, formazione e informazione, al quale partecipa come partner Italiano l\u2019Osservatorio Europeo del Paesaggio di Arco Latino ha promosso la \u201cCarta di Padula\u201d per la promozione dell\u2019agroecologi a Padula (SA) il 17 maggio 2017 nel corso del Forum sull\u2019Agroecologia nei Parchi del Sud.PROMOSSA DA:LEGAMBIENTE ONLUSOSSERVATORIO EUROPEO DEL PAESAGGIO di Arco LatinoIN.N.E.R. \u2013 RETE INTERNAZIONALE DEI BIO-DISTRETTI- L\u2019agro-ecologia \u00e8 considerata oggi un campo di ricerca interdisciplinare, in grado di cambiare la nostra visione comune sia dell\u2019agricoltura che della societ\u00e0. Soprattutto&nbsp; di cambiare le pratiche di produzione e consumo agro-alimentari per renderle effettivamente sostenibili e in grado di generare dinamiche di sviluppo sociale ed economico equo e solidale.<\/h1>\n\n\n\n<p>L\u2019agro-ecologia in Italia \u00e8 strettamente connessa allo sviluppo dell\u2019agricoltura biologica, ed in questa direzione \u00e8 utile porre attenzione particolare al nuovo approccio territoriale ed al ruolo che possono svolgere i Bio-Distretti e le Eco-Regioni per diffondere la cultura della conservazione della natura e dell\u2019uso sostenibile delle risorse. Il Bio-distretto \u00e8 un territorio naturalmente vocato al biologico dove agricoltori, cittadini, amministratori pubblici, stringono un patto per la gestione sostenibile delle risorse, secondo i principi dell\u2019agricoltura biologica e dell\u2019agro-ecologia.<\/p>\n\n\n\n<p>Le Eco-Regioni in ambito mediterraneo sono caratterizzate da una variet\u00e0 di ecosistemi e culture che possono svolgere un ruolo straordinario per contrastare i cambiamenti climatici e la perdita di biodiversit\u00e0. Questa ricchezza di risorse naturali, sociali ed umane \u00e8 sempre pi\u00f9 minacciata dall\u2019impatto delle attivit\u00e0 che viceversa&nbsp; consumano suolo, producono desertificazione, esercitano una pesca eccessiva, inquinano acqua, suolo e aria. \u00c8 urgente e necessario promuovere azioni integrate a livello macro e micro territoriale che contribuiscano a valorizzare il PATRIMONIO AGRO ECOLOGICO del Mediterraneo.<\/p>\n\n\n\n<p>Che ha portato al PRIMO RAPPORTO SULL\u2019APPROCCIO ALL\u2019AGRO-ECOLOGIA IN ITALIA<br>a cura dell\u2019 Osservatorio Europeo del Paesaggio Salvatore BASILE, Domenico NICOLETTI, Angelo PALADINO delineando la storia dell\u2019Agro-ecologica<\/p>\n\n\n\n<p><strong>Attualmente ancora in corso il progetto ERASMUS plus dal titolo \u201cInsegnare l'agroecologia nel periodo transitorio e la sua conseguenze per i Sistemi di Conoscenza Agricola\u201d 2020\/25<\/strong><\/p>\n\n\n\n<p>L'obiettivo del progetto \u00e8 quello di sviluppare e diffondere strumenti educativi europei comuni e innovativi per aiutare insegnanti e formatori al fine di trasmettere le conoscenze essenziali e competenze per la transizione agro-ecologica.<\/p>\n\n\n\n<p>Il progetto durer\u00e0 tre anni e si svilupper\u00e0 in quattro fasi:<\/p>\n\n\n\n<p>1) I vari approcci dell'agroecologia nel paesi diversi<\/p>\n\n\n\n<p>2) Innovazioni e cambiamenti<\/p>\n\n\n\n<p>3) Strumenti e materiali didattici<\/p>\n\n\n\n<p>4) Comunicazione e valutazione.<\/p>\n\n\n\n<p>Verranno prodotte cinque produzioni intellettuali. Saranno di due tipi:<\/p>\n\n\n\n<p>\u25cf Due rapporti \/ riepiloghi: un primo rapporto inventari e effettua un'analisi comparativa e critica della diversit\u00e0 di approcci agro-ecologici. Un secondo rapporto si occupa con innovazioni e cambiamenti indotti dall'agroecologia.<\/p>\n\n\n\n<p>Si baser\u00e0 su casi di studio.<\/p>\n\n\n\n<p>\u25cf Tre strumenti educativi: uno per iscritto dal lavoro precedente, un secondo in forma audiovisiva e il terzo in forma E-learning. Si baseranno i tre strumenti didattici prodotti durante il progetto in particolare su casi studio sul campo (aziende o ecosistemi pi\u00f9 ampi).<\/p>\n\n\n\n<p>Il progetto si baser\u00e0 anche sulle analisi dell'inventario di approcci agro-ecologici e innovazioni apportate in ciascuno dei paesi partner.<\/p>\n\n\n\n<p>La cooperazione tra i vari partner lo far\u00e0 avvenire attraverso:<\/p>\n\n\n\n<p>- Una rete tra i diversi partner con il supporto di un rappresentante ufficiale della struttura che coordina il progetto, ovvero CEZ.<\/p>\n\n\n\n<p>- Un incontro per semestre.<\/p>\n\n\n\n<p>- Una lingua di lavoro comune sia parlata che scritta: Inglese.<\/p>\n\n\n\n<p>Nelle diverse fasi organizzative del progetto gestione e durante lo sviluppo dei deliverable, la co-costruzione collettiva sar\u00e0 favorita come metodo di lavoro. Ciascun partner assumer\u00e0 il coordinamento del proprio produzione intellettuale e partecipare a tutte le altre costruzioni.<\/p>","protected":false},"excerpt":{"rendered":"<p>l progetto dell\u2019Osservatorio Europeo del Paesaggio (OEP) di Arco Latino, fa parte di un pi\u00f9 ampio programma di azioni realizzate ed in fase di attuazione, in cooperazione con i partner di Arco Latino aderenti all\u2019OEP, su diversi finanziamenti nazionali e comunitari che lo stesso OEP ha promosso, elaborato e gestito. Le finalit\u00e0 operative sono fortemente [&hellip;]<\/p>","protected":false},"author":2,"featured_media":0,"parent":0,"menu_order":0,"comment_status":"closed","ping_status":"closed","template":"","meta":{"inline_featured_image":false,"footnotes":""},"class_list":["post-419","page","type-page","status-publish","format-standard","hentry"],"meta_box":{"id_di_fluent_form":"","seleziona_logo":"Standard","mostra_banner":"","articoli_da_mostrare":"","banner_principale":"","Home_Banner_A":[],"Home_banner_B":[],"link_banner_A":"","link_Banner_B":"","text_abrasfberel":"","text_h82ds2oucyl":"","titolo_Banner_A":"","titolo_titolo_Banner_B":"","banner_finale":"","titolo_header":"sensibilizzazione, formazione, informazione","titolo_pagina":"Mission","Sottotitolo":"salvaguardia e tutela del paesaggio","colore_sfondo":"#ffffff","sfondo_header":[{"width":150,"height":150,"file":"2022\/06\/Osservatoriopaesaggio-slide-006.jpg","filesize":133873,"sizes":{"medium":{"file":"Osservatoriopaesaggio-slide-006-300x200.jpg","width":300,"height":200,"mime-type":"image\/jpeg","filesize":9109,"url":"https:\/\/www.osservatoriopaesaggio.eu\/wp-content\/uploads\/2022\/06\/Osservatoriopaesaggio-slide-006-300x200.jpg"},"large":{"file":"Osservatoriopaesaggio-slide-006-1024x682.jpg","width":1024,"height":682,"mime-type":"image\/jpeg","filesize":49729,"url":"https:\/\/www.osservatoriopaesaggio.eu\/wp-content\/uploads\/2022\/06\/Osservatoriopaesaggio-slide-006-1024x682.jpg"},"thumbnail":{"file":"Osservatoriopaesaggio-slide-006-150x150.jpg","width":150,"height":150,"mime-type":"image\/jpeg","filesize":4653,"url":"https:\/\/www.osservatoriopaesaggio.eu\/wp-content\/uploads\/2022\/06\/Osservatoriopaesaggio-slide-006-150x150.jpg"},"medium_large":{"file":"Osservatoriopaesaggio-slide-006-768x511.jpg","width":768,"height":511,"mime-type":"image\/jpeg","filesize":33049,"url":"https:\/\/www.osservatoriopaesaggio.eu\/wp-content\/uploads\/2022\/06\/Osservatoriopaesaggio-slide-006-768x511.jpg"},"1536x1536":{"file":"Osservatoriopaesaggio-slide-006-1536x1023.jpg","width":1536,"height":1023,"mime-type":"image\/jpeg","filesize":84069,"url":"https:\/\/www.osservatoriopaesaggio.eu\/wp-content\/uploads\/2022\/06\/Osservatoriopaesaggio-slide-006-1536x1023.jpg"},"trp-custom-language-flag":{"file":"Osservatoriopaesaggio-slide-006-18x12.jpg","width":18,"height":12,"mime-type":"image\/jpeg","filesize":821,"url":"https:\/\/www.osservatoriopaesaggio.eu\/wp-content\/uploads\/2022\/06\/Osservatoriopaesaggio-slide-006-18x12.jpg"}},"image_meta":{"aperture":"0","credit":"","camera":"","caption":"","created_timestamp":"0","copyright":"","focal_length":"0","iso":"0","shutter_speed":"0","title":"","orientation":"0","keywords":[]},"ID":"410","name":"Osservatoriopaesaggio-slide-006.jpg","path":"\/home\/osservatoriopaesaggio\/webapps\/osservatoriopaesaggio-eu\/wp-content\/uploads\/2022\/06\/Osservatoriopaesaggio-slide-006.jpg","url":"https:\/\/www.osservatoriopaesaggio.eu\/wp-content\/uploads\/2022\/06\/Osservatoriopaesaggio-slide-006-150x150.jpg","full_url":"https:\/\/www.osservatoriopaesaggio.eu\/wp-content\/uploads\/2022\/06\/Osservatoriopaesaggio-slide-006.jpg","title":"Osservatoriopaesaggio slide 006","caption":"","description":"","alt":"","srcset":false}],"image_advanced_6dftczwmfnh":[{"width":150,"height":150,"file":"2022\/06\/Osservatorio-Paesaggio-Camerota-Cala-Luna.jpg","filesize":589686,"sizes":{"medium":{"file":"Osservatorio-Paesaggio-Camerota-Cala-Luna-300x199.jpg","width":300,"height":199,"mime-type":"image\/jpeg","filesize":19257,"url":"https:\/\/www.osservatoriopaesaggio.eu\/wp-content\/uploads\/2022\/06\/Osservatorio-Paesaggio-Camerota-Cala-Luna-300x199.jpg"},"large":{"file":"Osservatorio-Paesaggio-Camerota-Cala-Luna-1024x679.jpg","width":1024,"height":679,"mime-type":"image\/jpeg","filesize":206494,"url":"https:\/\/www.osservatoriopaesaggio.eu\/wp-content\/uploads\/2022\/06\/Osservatorio-Paesaggio-Camerota-Cala-Luna-1024x679.jpg"},"thumbnail":{"file":"Osservatorio-Paesaggio-Camerota-Cala-Luna-150x150.jpg","width":150,"height":150,"mime-type":"image\/jpeg","filesize":7739,"url":"https:\/\/www.osservatoriopaesaggio.eu\/wp-content\/uploads\/2022\/06\/Osservatorio-Paesaggio-Camerota-Cala-Luna-150x150.jpg"},"medium_large":{"file":"Osservatorio-Paesaggio-Camerota-Cala-Luna-768x510.jpg","width":768,"height":510,"mime-type":"image\/jpeg","filesize":121040,"url":"https:\/\/www.osservatoriopaesaggio.eu\/wp-content\/uploads\/2022\/06\/Osservatorio-Paesaggio-Camerota-Cala-Luna-768x510.jpg"},"1536x1536":{"file":"Osservatorio-Paesaggio-Camerota-Cala-Luna-1536x1019.jpg","width":1536,"height":1019,"mime-type":"image\/jpeg","filesize":411566,"url":"https:\/\/www.osservatoriopaesaggio.eu\/wp-content\/uploads\/2022\/06\/Osservatorio-Paesaggio-Camerota-Cala-Luna-1536x1019.jpg"},"trp-custom-language-flag":{"file":"Osservatorio-Paesaggio-Camerota-Cala-Luna-18x12.jpg","width":18,"height":12,"mime-type":"image\/jpeg","filesize":833,"url":"https:\/\/www.osservatoriopaesaggio.eu\/wp-content\/uploads\/2022\/06\/Osservatorio-Paesaggio-Camerota-Cala-Luna-18x12.jpg"}},"image_meta":{"aperture":"6.7","credit":"","camera":"FinePixS1Pro","caption":"","created_timestamp":"1116249352","copyright":"","focal_length":"84","iso":"320","shutter_speed":"0.001","title":"","orientation":"0","keywords":[]},"ID":"397","name":"Osservatorio-Paesaggio-Camerota-Cala-Luna.jpg","path":"\/home\/osservatoriopaesaggio\/webapps\/osservatoriopaesaggio-eu\/wp-content\/uploads\/2022\/06\/Osservatorio-Paesaggio-Camerota-Cala-Luna.jpg","url":"https:\/\/www.osservatoriopaesaggio.eu\/wp-content\/uploads\/2022\/06\/Osservatorio-Paesaggio-Camerota-Cala-Luna-150x150.jpg","full_url":"https:\/\/www.osservatoriopaesaggio.eu\/wp-content\/uploads\/2022\/06\/Osservatorio-Paesaggio-Camerota-Cala-Luna.jpg","title":"Osservatorio Paesaggio Camerota Cala Luna","caption":"","description":"","alt":"","srcset":false},{"width":150,"height":150,"file":"2022\/06\/Osservatorio-Paesaggio-Ascea-Marina.jpg","filesize":384279,"sizes":{"medium":{"file":"Osservatorio-Paesaggio-Ascea-Marina-300x199.jpg","width":300,"height":199,"mime-type":"image\/jpeg","filesize":13531,"url":"https:\/\/www.osservatoriopaesaggio.eu\/wp-content\/uploads\/2022\/06\/Osservatorio-Paesaggio-Ascea-Marina-300x199.jpg"},"large":{"file":"Osservatorio-Paesaggio-Ascea-Marina-1024x679.jpg","width":1024,"height":679,"mime-type":"image\/jpeg","filesize":126370,"url":"https:\/\/www.osservatoriopaesaggio.eu\/wp-content\/uploads\/2022\/06\/Osservatorio-Paesaggio-Ascea-Marina-1024x679.jpg"},"thumbnail":{"file":"Osservatorio-Paesaggio-Ascea-Marina-150x150.jpg","width":150,"height":150,"mime-type":"image\/jpeg","filesize":5736,"url":"https:\/\/www.osservatoriopaesaggio.eu\/wp-content\/uploads\/2022\/06\/Osservatorio-Paesaggio-Ascea-Marina-150x150.jpg"},"medium_large":{"file":"Osservatorio-Paesaggio-Ascea-Marina-768x510.jpg","width":768,"height":510,"mime-type":"image\/jpeg","filesize":74827,"url":"https:\/\/www.osservatoriopaesaggio.eu\/wp-content\/uploads\/2022\/06\/Osservatorio-Paesaggio-Ascea-Marina-768x510.jpg"},"1536x1536":{"file":"Osservatorio-Paesaggio-Ascea-Marina-1536x1019.jpg","width":1536,"height":1019,"mime-type":"image\/jpeg","filesize":264394,"url":"https:\/\/www.osservatoriopaesaggio.eu\/wp-content\/uploads\/2022\/06\/Osservatorio-Paesaggio-Ascea-Marina-1536x1019.jpg"},"trp-custom-language-flag":{"file":"Osservatorio-Paesaggio-Ascea-Marina-18x12.jpg","width":18,"height":12,"mime-type":"image\/jpeg","filesize":822,"url":"https:\/\/www.osservatoriopaesaggio.eu\/wp-content\/uploads\/2022\/06\/Osservatorio-Paesaggio-Ascea-Marina-18x12.jpg"}},"image_meta":{"aperture":"5.5","credit":"","camera":"FinePixS1Pro","caption":"","created_timestamp":"1116262863","copyright":"","focal_length":"299","iso":"320","shutter_speed":"0.0005","title":"","orientation":"0","keywords":[]},"ID":"396","name":"Osservatorio-Paesaggio-Ascea-Marina.jpg","path":"\/home\/osservatoriopaesaggio\/webapps\/osservatoriopaesaggio-eu\/wp-content\/uploads\/2022\/06\/Osservatorio-Paesaggio-Ascea-Marina.jpg","url":"https:\/\/www.osservatoriopaesaggio.eu\/wp-content\/uploads\/2022\/06\/Osservatorio-Paesaggio-Ascea-Marina-150x150.jpg","full_url":"https:\/\/www.osservatoriopaesaggio.eu\/wp-content\/uploads\/2022\/06\/Osservatorio-Paesaggio-Ascea-Marina.jpg","title":"Osservatorio Paesaggio Ascea Marina","caption":"","description":"","alt":"","srcset":false}]},"_links":{"self":[{"href":"https:\/\/www.osservatoriopaesaggio.eu\/en\/wp-json\/wp\/v2\/pages\/419","targetHints":{"allow":["GET"]}}],"collection":[{"href":"https:\/\/www.osservatoriopaesaggio.eu\/en\/wp-json\/wp\/v2\/pages"}],"about":[{"href":"https:\/\/www.osservatoriopaesaggio.eu\/en\/wp-json\/wp\/v2\/types\/page"}],"author":[{"embeddable":true,"href":"https:\/\/www.osservatoriopaesaggio.eu\/en\/wp-json\/wp\/v2\/users\/2"}],"replies":[{"embeddable":true,"href":"https:\/\/www.osservatoriopaesaggio.eu\/en\/wp-json\/wp\/v2\/comments?post=419"}],"version-history":[{"count":4,"href":"https:\/\/www.osservatoriopaesaggio.eu\/en\/wp-json\/wp\/v2\/pages\/419\/revisions"}],"predecessor-version":[{"id":448,"href":"https:\/\/www.osservatoriopaesaggio.eu\/en\/wp-json\/wp\/v2\/pages\/419\/revisions\/448"}],"wp:attachment":[{"href":"https:\/\/www.osservatoriopaesaggio.eu\/en\/wp-json\/wp\/v2\/media?parent=419"}],"curies":[{"name":"wp","href":"https:\/\/api.w.org\/{rel}","templated":true}]}}